{"id":139,"date":"2017-06-20T15:52:18","date_gmt":"2017-06-20T13:52:18","guid":{"rendered":"http:\/\/www.mda-hdv.be\/?page_id=139"},"modified":"2022-04-03T09:26:16","modified_gmt":"2022-04-03T07:26:16","slug":"roi","status":"publish","type":"page","link":"https:\/\/www.mda-hdv.be\/fr\/roi\/","title":{"rendered":"R\u00e8glement d&rsquo;Ordre Int\u00e9rieur"},"content":{"rendered":"<div class=\"wpb-content-wrapper\"><p>[vc_row][vc_column css=\u00a0\u00bb.vc_custom_1518543601644{background-color: rgba(255,255,255,0.2) !important;*background-color: rgb(255,255,255) !important;border-radius: 20px !important;}\u00a0\u00bb offset=\u00a0\u00bbvc_col-sm-offset-0&Prime;][vc_column_text]<\/p>\n<h3 style=\"text-align: center;\">Le R\u00e8glement d&rsquo;Ordre Int\u00e9rieur est en r\u00e9vision en fonction des nouveaux statuts<\/h3>\n<p>[\/vc_column_text][vc_btn title=\u00a0\u00bb\u00a0\u00bb color=\u00a0\u00bbprimary\u00a0\u00bb align=\u00a0\u00bbcenter\u00a0\u00bb i_icon_fontawesome=\u00a0\u00bb\u00a0\u00bb css_animation=\u00a0\u00bbbounceInDown\u00a0\u00bb add_icon=\u00a0\u00bbtrue\u00a0\u00bb link=\u00a0\u00bbtarget:_blank\u00a0\u00bb][vc_column_text css=\u00a0\u00bb.vc_custom_1648970347331{padding-left: 40px !important;}\u00a0\u00bb][\/vc_column_text][vc_btn title=\u00a0\u00bb\u00a0\u00bb color=\u00a0\u00bbprimary\u00a0\u00bb align=\u00a0\u00bbcenter\u00a0\u00bb i_icon_fontawesome=\u00a0\u00bb\u00a0\u00bb css_animation=\u00a0\u00bbbounceInDown\u00a0\u00bb add_icon=\u00a0\u00bbtrue\u00a0\u00bb link=\u00a0\u00bbtitle:ROI%20MdA|target:_blank\u00a0\u00bb][\/vc_column][\/vc_row]<\/p>\n<\/div>","protected":false},"excerpt":{"rendered":"<p>[vc_row][vc_column css=\u00a0\u00bb.vc_custom_1518543601644{background-color: rgba(255,255,255,0.2) !important;*background-color: rgb(255,255,255) !important;border-radius: 20px !important;}\u00a0\u00bb offset=\u00a0\u00bbvc_col-sm-offset-0&Prime;][vc_column_text] Le R\u00e8glement d&rsquo;Ordre Int\u00e9rieur est en r\u00e9vision en fonction des nouveaux statuts [\/vc_column_text][vc_btn title=\u00a0\u00bb\u00a0\u00bb color=\u00a0\u00bbprimary\u00a0\u00bb align=\u00a0\u00bbcenter\u00a0\u00bb i_icon_fontawesome=\u00a0\u00bb\u00a0\u00bb css_animation=\u00a0\u00bbbounceInDown\u00a0\u00bb add_icon=\u00a0\u00bbtrue\u00a0\u00bb link=\u00a0\u00bbtarget:_blank\u00a0\u00bb][vc_column_text css=\u00a0\u00bb.vc_custom_1648970347331{padding-left: 40px !important;}\u00a0\u00bb][\/vc_column_text][vc_btn title=\u00a0\u00bb\u00a0\u00bb color=\u00a0\u00bbprimary\u00a0\u00bb align=\u00a0\u00bbcenter\u00a0\u00bb i_icon_fontawesome=\u00a0\u00bb\u00a0\u00bb css_animation=\u00a0\u00bbbounceInDown\u00a0\u00bb add_icon=\u00a0\u00bbtrue\u00a0\u00bb link=\u00a0\u00bbtitle:ROI%20MdA|target:_blank\u00a0\u00bb][\/vc_column][\/vc_row]<\/p>\n","protected":false},"author":1,"featured_media":0,"parent":0,"menu_order":0,"comment_status":"closed","ping_status":"closed","template":"","meta":{"om_disable_all_campaigns":false,"_monsterinsights_skip_tracking":false,"_monsterinsights_sitenote_active":false,"_monsterinsights_sitenote_note":"","_monsterinsights_sitenote_category":0,"_uf_show_specific_survey":0,"_uf_disable_surveys":false,"footnotes":""},"class_list":["post-139","page","type-page","status-publish","hentry","description-off"],"aioseo_notices":[],"_links":{"self":[{"href":"https:\/\/www.mda-hdv.be\/fr\/wp-json\/wp\/v2\/pages\/139","targetHints":{"allow":["GET"]}}],"collection":[{"href":"https:\/\/www.mda-hdv.be\/fr\/wp-json\/wp\/v2\/pages"}],"about":[{"href":"https:\/\/www.mda-hdv.be\/fr\/wp-json\/wp\/v2\/types\/page"}],"author":[{"embeddable":true,"href":"https:\/\/www.mda-hdv.be\/fr\/wp-json\/wp\/v2\/users\/1"}],"replies":[{"embeddable":true,"href":"https:\/\/www.mda-hdv.be\/fr\/wp-json\/wp\/v2\/comments?post=139"}],"version-history":[{"count":0,"href":"https:\/\/www.mda-hdv.be\/fr\/wp-json\/wp\/v2\/pages\/139\/revisions"}],"wp:attachment":[{"href":"https:\/\/www.mda-hdv.be\/fr\/wp-json\/wp\/v2\/media?parent=139"}],"curies":[{"name":"wp","href":"https:\/\/api.w.org\/{rel}","templated":true}]}}