{"id":1615,"date":"2019-01-28T18:06:28","date_gmt":"2019-01-28T17:06:28","guid":{"rendered":"https:\/\/www.mda-hdv.be\/?page_id=1615"},"modified":"2019-02-06T18:54:36","modified_gmt":"2019-02-06T17:54:36","slug":"declaration-de-confidentialite","status":"publish","type":"page","link":"https:\/\/www.mda-hdv.be\/fr\/declaration-de-confidentialite\/","title":{"rendered":"D\u00e9claration de Confidentialit\u00e9"},"content":{"rendered":"<div class=\"wpb-content-wrapper\"><p>[vc_row][vc_column][vc_column_text]<\/p>\n<p style=\"text-align: center;\"><b>D\u00e9claration de Confidentialit\u00e9 ayant trait \u00e0 l\u2019application du R\u00e8glement EU 2016\/679 du 27avril 2016 concernant la protection des personnes physiques en relation avec le traitement des donn\u00e9es personnelles et concernant la libre circulation de ces donn\u00e9es.<\/b><\/p>\n<p>&nbsp;[\/vc_column_text][vc_column_text]Vos donn\u00e9es personnelles sont uniquement utilis\u00e9es par la MDA. Elles ne seront jamais transmises sans votre permission \u00e0 des parties tiers \u00e0 des fins commerciales.<\/p>\n<p>La MDA s\u2019engage \u00e0 utiliser ces donn\u00e9es avec pr\u00e9caution, de mani\u00e8re s\u00e9curis\u00e9e et responsable.<\/p>\n<p>Collecte et usage des donn\u00e9es personnelles<\/p>\n<p>Dans la \u00ab\u00a0Demande d\u2019affiliation\u00a0\u00bb nous vous demandons un nombre restreint d\u2019informations personnelles telles que vos nom, pr\u00e9nom, nationalit\u00e9, adresse, lieu et date de naissance, num\u00e9ros de t\u00e9l\u00e9phone fixe et mobile, adresse e-mail, r\u00e9gime linguistique, fonction et donn\u00e9es concernant vos qualifications a\u00e9ronautique ou votre appartenance \u00e0 des associations a\u00e9ronautiques.<\/p>\n<p>Ces donn\u00e9es servent \u00e0 des fins administratives telles que\u00a0: inscription dans la\u00a0 liste des membres, d\u00e9termination de la cat\u00e9gorie comme membre, invitations \u00e0 des manifestations sp\u00e9cifiques, envoi de bulletins ou messages.<\/p>\n<p>Ces donn\u00e9es sont reprises dans le fichier des membres de la MDA et sont conserv\u00e9es jusqu\u2019\u00e0 ce qu\u2019au terme de l&rsquo;affiliation ou jusqu\u2019au d\u00e9c\u00e8s.<\/p>\n<p>L\u2019utilisation de vos donn\u00e9es personnelles sont limit\u00e9es aux donn\u00e9es qui sont au minimum n\u00e9cessaires aux applications cit\u00e9es ci-dessus. Elles ne seront en aucun cas transmises \u00e0 des parties tiers, \u00e0 moins que ce ne soit n\u00e9cessaire pour la r\u00e9alisations des objectifs pour lesquels elle sont fournies.<\/p>\n<p>Protection des donn\u00e9es personnelles<\/p>\n<p>La MDA a pris les mesures techniques et organisationnelles pour la prot\u00e9ger la banque de donn\u00e9es dans laquelle vos donn\u00e9es sont reprises, contre tout acc\u00e8s\u00a0 et utilisation non-autoris\u00e9s ainsi que contre la perte ou le vol de vos donn\u00e9es.<\/p>\n<p>Au cas ou vos donn\u00e9es feraient l\u2019objet d\u2019une fuite , vous en seriez avertis dans les plus brefs d\u00e9lais.<\/p>\n<p>La MDA est responsable pour vos donn\u00e9es personnelles. Si vous avez des questions\u00a0 apr\u00e8s la prise de connaissance de cette d\u00e9claration de confidentialit\u00e9, vous pouvez prendre contact avec\u00a0:<\/p>\n<p>Le Secr\u00e9taire g\u00e9n\u00e9ral de la MDA<\/p>\n<p>Rue Montoyer 1\/32<\/p>\n<p>B-1000 Bruxelles<\/p>\n<p>Tel\/ Fax 32-2-514 67 49 (bureau)\u00a0 \u00a0 \u00a0 \u00a0Gsm: +32-477 18 38 03<\/p>\n<p><a href=\"mda.hdv@skynet.be\">mda.hdv@skynet.be<\/a><\/p>\n<p>Divulgation de donn\u00e9es personnelles \u00e0 des parties tiers<\/p>\n<p>Notre banque de donn\u00e9es n\u2019est pas accessible par des tiers, ni par\u00a0 les autres membres de la MDA et non plus via le site internet de la MDA.<\/p>\n<p>Les donn\u00e9es collect\u00e9es ne sont pas non plus communiqu\u00e9es \u00e0 des tiers \u00e0 moins que nous vous en fassions part lors\u00a0 d\u2019actions bien sp\u00e9cifiques ou que nous y soyons oblig\u00e9s par la loi.<\/p>\n<p>Photographies<\/p>\n<p>Des photos d&rsquo;ambiance ou de groupe peuvent \u00eatre prises lors des activit\u00e9s au sein de la MDA. Les membres sont inform\u00e9s que ces photos peuvent para\u00eetre dans des rapports et documents internes ou dans des \u00ab\u00a0Encarts\u00a0\u00bb de la MDA du magazine des VTB.<\/p>\n<p>Chaque membre fera conna\u00eetre au gestionnaire de notre base de donn\u00e9es (datamanager) son approbation ou non d&rsquo;appara\u00eetre sur ces photos.<\/p>\n<p>Aucune photo ne sera diffus\u00e9e sur le site internet de la MDA \u00e0 ni \u00e0 l&rsquo;ext\u00e9rieur de l&rsquo;ASBL.<\/p>\n<p>Votre choix de confidentialit\u00e9<\/p>\n<p>Dans votre\u00a0\u00ab\u00a0Demande d\u2019affiliation\u00a0\u00bb, vous avez\u00a0 la possibilit\u00e9\u00a0d\u2019indiquer que votre adresse e-mail, votre N\u00b0 de t\u00e9l\u00e9phone\u00a0 et de Gsm ne soient pas repris dans la liste des membres.<\/p>\n<p>Votre droit \u00e0 la consultation, la correction et la suppression<\/p>\n<p>Vous disposez d\u2019un droit de consultation, de correction et suppression concernant vos donn\u00e9es.<\/p>\n<p>Il suffit d\u2019envoyer \u00e0 cet effet, une demande dat\u00e9e et sign\u00e9e au secr\u00e9tariat de la MDA accompagn\u00e9e d\u2019une copie de votre carte d\u2019identit\u00e9.<\/p>\n<p>La MDA garde les donn\u00e9es pour la dur\u00e9e de votre affiliation qui est renouvelable annuellement. Si le membre n\u2019est pas supprim\u00e9 de la liste \u00e0 sa propre demande, toutes ses donn\u00e9es personnelles seront effac\u00e9es.<\/p>\n<p>Autorit\u00e9 pour la protection des donn\u00e9es<\/p>\n<p>Si vous avez une plainte concernant la gestion de vos donn\u00e9es personnelles, nous vous demandons de prendre contact avec la MDA. Vous avez toujours le droit d\u2019introduire une plainte aupr\u00e8s de l\u2019autorit\u00e9 en charge de la protection des donn\u00e9es. Pour la Belgique, c\u2019est la Commission de la Protection de le Vie Priv\u00e9e qui est l\u2019autorit\u00e9 de contr\u00f4le en la mati\u00e8re.<\/p>\n<p>Politique de confidentialit\u00e9 concernant notre site internet<\/p>\n<p>Vous pouvez consulter notre site internet <a href=\"http:\/\/www.mda-hdv.be\">www.mda-hdv.be<\/a> \u00a0sans communiquer vos donn\u00e9es personnelles.<\/p>\n<p>Nous enregistrons de donn\u00e9es concernant la connexion que vous r\u00e9alisez avec notre site internet et concernant le logiciel et l\u2019appareil que vous utilisez \u00e0 cet effet. Ces informations contiennent notamment votre adresse IP, le moment auquel vous vous connectez, le type de navigateur, la marque d\u2019appareil et les pages que vous visitez. Ces donn\u00e9es sont utilis\u00e9es \u00e0 des fins statistiques et au vu d\u2019analyses de la mani\u00e8re de surfer des visiteurs afin d\u2019am\u00e9liorer la qualit\u00e9 de notre site et de nos services. Ces informations peuvent \u00e9galement \u00eatre utilis\u00e9es pour adapter l\u2019offre sur le site \u00e0 de nouveaux besoins potentiels.<\/p>\n<p>Lorsque vous vous connectez \u00e0\u00a0<a href=\"http:\/\/www.mda-hdv.be\">www.mda-hdv.be<\/a>, un \u00ab\u00a0cookie\u00a0\u00bb est install\u00e9 dans votre navigateur. Ceci nous permet de vous reconna\u00eetre comme visiteur de notre site.<\/p>\n<p>Le site internet de la MDA contient des liens vers des sites internet qui ne sont pas g\u00e9r\u00e9 par la MDA. Ces liens vous sont communiqu\u00e9s \u00e0 titre d\u2019information. Nous vous recommandons lors de votre visite \u00e0 ces sites, de prendre minutieusement\u00a0 connaissance de leur politique de confidentialit\u00e9.<\/p>\n<p>Modification de cette D\u00e9claration de confidentialit\u00e9<\/p>\n<p>La MDA peut modifier cette d\u00e9claration de confidentialit\u00e9. Une annonce sera effectu\u00e9e sur le site internet de la MDA quand des modifications entrent en vigueur.<\/p>\n<p>&nbsp;<\/p>\n<p>&nbsp;<\/p>\n<p>\u00c9tabli en Mai 2018[\/vc_column_text][\/vc_column][\/vc_row]<\/p>\n<\/div>","protected":false},"excerpt":{"rendered":"<p>[vc_row][vc_column][vc_column_text] D\u00e9claration de Confidentialit\u00e9 ayant trait \u00e0 l\u2019application du R\u00e8glement EU 2016\/679 du 27avril 2016 concernant la protection des personnes physiques en relation avec le traitement des donn\u00e9es personnelles et concernant la libre circulation de ces donn\u00e9es. &nbsp;[\/vc_column_text][vc_column_text]Vos donn\u00e9es personnelles sont uniquement utilis\u00e9es par la MDA. Elles ne seront jamais transmises sans votre permission \u00e0&hellip;<\/p>\n","protected":false},"author":1,"featured_media":0,"parent":0,"menu_order":0,"comment_status":"closed","ping_status":"closed","template":"","meta":{"om_disable_all_campaigns":false,"_monsterinsights_skip_tracking":false,"_monsterinsights_sitenote_active":false,"_monsterinsights_sitenote_note":"","_monsterinsights_sitenote_category":0,"_uf_show_specific_survey":0,"_uf_disable_surveys":false,"footnotes":""},"class_list":["post-1615","page","type-page","status-publish","hentry","description-off"],"aioseo_notices":[],"_links":{"self":[{"href":"https:\/\/www.mda-hdv.be\/fr\/wp-json\/wp\/v2\/pages\/1615","targetHints":{"allow":["GET"]}}],"collection":[{"href":"https:\/\/www.mda-hdv.be\/fr\/wp-json\/wp\/v2\/pages"}],"about":[{"href":"https:\/\/www.mda-hdv.be\/fr\/wp-json\/wp\/v2\/types\/page"}],"author":[{"embeddable":true,"href":"https:\/\/www.mda-hdv.be\/fr\/wp-json\/wp\/v2\/users\/1"}],"replies":[{"embeddable":true,"href":"https:\/\/www.mda-hdv.be\/fr\/wp-json\/wp\/v2\/comments?post=1615"}],"version-history":[{"count":0,"href":"https:\/\/www.mda-hdv.be\/fr\/wp-json\/wp\/v2\/pages\/1615\/revisions"}],"wp:attachment":[{"href":"https:\/\/www.mda-hdv.be\/fr\/wp-json\/wp\/v2\/media?parent=1615"}],"curies":[{"name":"wp","href":"https:\/\/api.w.org\/{rel}","templated":true}]}}