{"id":2,"date":"2017-06-19T12:28:06","date_gmt":"2017-06-19T10:28:06","guid":{"rendered":"http:\/\/www.mda-hdv.be\/?page_id=2"},"modified":"2026-04-24T11:36:21","modified_gmt":"2026-04-24T09:36:21","slug":"page-d-exemple-2-2","status":"publish","type":"page","link":"https:\/\/www.mda-hdv.be\/fr\/page-d-exemple-2-2\/","title":{"rendered":"R\u00e8glement du Prix"},"content":{"rendered":"<div class=\"wpb-content-wrapper\"><p>[vc_row][vc_column][vc_single_image image=\u00a0\u00bb203&Prime; img_size=\u00a0\u00bbfull\u00a0\u00bb add_caption=\u00a0\u00bbyes\u00a0\u00bb alignment=\u00a0\u00bbcenter\u00a0\u00bb style=\u00a0\u00bbvc_box_shadow_3d\u00a0\u00bb onclick=\u00a0\u00bbzoom\u00a0\u00bb][vc_column_text css=\u00a0\u00bb\u00a0\u00bb]Chaque ann\u00e9e La Maison des Ailes attribue le prix Marie Monseur-Fontaine \u00e0 un aviateur belge auteur d&rsquo;un exploit remarquable.<\/p>\n<p>Ce prix fut cr\u00e9e en 1951 et le montant \u00e9tait \u00e0 l&rsquo;\u00e9poque de 250\u20ac et <strong>est aujourd&rsquo;hui d&rsquo;un montant de 4.000 \u20ac.<\/strong><\/p>\n<p>Passionn\u00e9e d&rsquo;aviation d\u00e8s avant la premi\u00e8re guerre, Madame Marie Monseur s&rsquo;\u00e9tait int\u00e9ress\u00e9e \u00e0 \u00ab\u00a0La Maison des Ailes\u201d. D\u00e9c\u00e9d\u00e9e en 1950 \u00e0 l&rsquo;\u00e2ge de 83 ans, elle l\u00e9gua \u00e0 notre asbl une partie de ses biens. Elle imposa \u00e0 La Maison des Ailes d&rsquo;instituer un prix annuel portant son nom, \u00e0 d\u00e9cerner \u00e0 un aviateur belge auteur d&rsquo;une performance ou d&rsquo;un bel exploit au cours de l&rsquo;ann\u00e9e qui&nbsp;pr\u00e9c\u00e8de celle de l&rsquo;attribution du prix.<\/p>\n<p>Qui peut b\u00e9n\u00e9ficier de ce prix ?<\/p>\n<p>Tout aviateur auteur d&rsquo;un fait important ou d&rsquo;une performance exceptionnelle peut \u00eatre propos\u00e9 par l&rsquo;organisation (civile ou militaire) \u00e0 laquelle il appartient. Le terme \u00ab\u00a0aviateur\u201d peut \u00eatre interpr\u00e9t\u00e9 dans le sens le plus large : membre d&rsquo;un \u00e9quipage d&rsquo;un avion, planeur, ULM, etc&#8230;<br \/>\nLa candidature d&rsquo;un aviateur d\u00e9c\u00e9d\u00e9 pendant ou apr\u00e8s la prestation est recevable.<br \/>\nLa Maison des Ailes peut \u00e9galement proposer un candidat qui n&rsquo;est pas membre d&rsquo;une de ces organisations. Ce dernier doit toujours porter le titre d&rsquo;aviateur comme repris ci-dessus dans ce r\u00e8glement.<\/p>\n<p>Le jury se r\u00e9unit dans le courant du premier trimestre et est constitu\u00e9 du Pr\u00e9sident et des membres de l&rsquo;Organe d&rsquo;Administration de \u00ab\u00a0La Maison des Ailes\u201d.<\/p>\n<p>Pr\u00e9sentation des candidatures.<br \/>\nLes candidatures doivent parvenir au plus tard le 30 mars de l&rsquo;ann\u00e9e durant laquelle le prix sera remis, aupr\u00e8s du secr\u00e9taire g\u00e9n\u00e9ral de La Maison des Ailes, rue Montoyer 1 bte 32 \u00e0 1000 Bruxelles.<br \/>\nLes dossiers doivent contenir :<br \/>\n&#8211; un curriculum vitae complet<br \/>\n&#8211; un rapport d\u00e9taill\u00e9 des faits pour lesquels le candidat est pr\u00e9sent\u00e9<br \/>\nIls sont introduits par l&rsquo;organisation \u00e0 laquelle le candidat appartient (La Composante A\u00e9rienne, une Compagnie d&rsquo;aviation, l&rsquo;A\u00e9ro-club Royal de Belgique, le Vieilles Tiges de Belgique, une f\u00e9d\u00e9ration etc&#8230;..) ou par l&rsquo;Organe d&rsquo;Administration de La Maison des Ailes. Lorsque le candidat propos\u00e9 par l&rsquo;Organe d&rsquo;Administration de La Maison des Ailes est \u00e9galement membre d&rsquo;une organisation, la nomination se fera en concertation avec celle-ci.<\/p>\n<p>La remise du prix Marie Monseur-Fontaine aura lieu \u00e0 \u00ab\u00a0La Maison des Ailes\u201d \u00e0 une date d\u00e9termin\u00e9e par l&rsquo;Organe d&rsquo;Administration.[\/vc_column_text][vc_single_image image=\u00a0\u00bb126&Prime; img_size=\u00a0\u00bbmedium\u00a0\u00bb add_caption=\u00a0\u00bbyes\u00a0\u00bb alignment=\u00a0\u00bbcenter\u00a0\u00bb style=\u00a0\u00bbvc_box_shadow_3d\u00a0\u00bb][\/vc_column][\/vc_row]<\/p>\n<\/div>","protected":false},"excerpt":{"rendered":"<p>[vc_row][vc_column][vc_single_image image=\u00a0\u00bb203&Prime; img_size=\u00a0\u00bbfull\u00a0\u00bb add_caption=\u00a0\u00bbyes\u00a0\u00bb alignment=\u00a0\u00bbcenter\u00a0\u00bb style=\u00a0\u00bbvc_box_shadow_3d\u00a0\u00bb onclick=\u00a0\u00bbzoom\u00a0\u00bb][vc_column_text css=\u00a0\u00bb\u00a0\u00bb]Chaque ann\u00e9e La Maison des Ailes attribue le prix Marie Monseur-Fontaine \u00e0 un aviateur belge auteur d&rsquo;un exploit remarquable. Ce prix fut cr\u00e9e en 1951 et le montant \u00e9tait \u00e0 l&rsquo;\u00e9poque de 250\u20ac et est aujourd&rsquo;hui d&rsquo;un montant de 4.000 \u20ac. Passionn\u00e9e d&rsquo;aviation d\u00e8s avant la premi\u00e8re guerre,&hellip;<\/p>\n","protected":false},"author":1,"featured_media":126,"parent":0,"menu_order":0,"comment_status":"closed","ping_status":"open","template":"","meta":{"om_disable_all_campaigns":false,"_monsterinsights_skip_tracking":false,"_monsterinsights_sitenote_active":false,"_monsterinsights_sitenote_note":"","_monsterinsights_sitenote_category":0,"_uf_show_specific_survey":0,"_uf_disable_surveys":false,"footnotes":""},"class_list":["post-2","page","type-page","status-publish","has-post-thumbnail","hentry","description-off"],"aioseo_notices":[],"_links":{"self":[{"href":"https:\/\/www.mda-hdv.be\/fr\/wp-json\/wp\/v2\/pages\/2","targetHints":{"allow":["GET"]}}],"collection":[{"href":"https:\/\/www.mda-hdv.be\/fr\/wp-json\/wp\/v2\/pages"}],"about":[{"href":"https:\/\/www.mda-hdv.be\/fr\/wp-json\/wp\/v2\/types\/page"}],"author":[{"embeddable":true,"href":"https:\/\/www.mda-hdv.be\/fr\/wp-json\/wp\/v2\/users\/1"}],"replies":[{"embeddable":true,"href":"https:\/\/www.mda-hdv.be\/fr\/wp-json\/wp\/v2\/comments?post=2"}],"version-history":[{"count":2,"href":"https:\/\/www.mda-hdv.be\/fr\/wp-json\/wp\/v2\/pages\/2\/revisions"}],"predecessor-version":[{"id":3337,"href":"https:\/\/www.mda-hdv.be\/fr\/wp-json\/wp\/v2\/pages\/2\/revisions\/3337"}],"wp:featuredmedia":[{"embeddable":true,"href":"https:\/\/www.mda-hdv.be\/fr\/wp-json\/wp\/v2\/media\/126"}],"wp:attachment":[{"href":"https:\/\/www.mda-hdv.be\/fr\/wp-json\/wp\/v2\/media?parent=2"}],"curies":[{"name":"wp","href":"https:\/\/api.w.org\/{rel}","templated":true}]}}