{"id":2067,"date":"2020-04-15T18:23:00","date_gmt":"2020-04-15T16:23:00","guid":{"rendered":"https:\/\/www.mda-hdv.be\/?page_id=2067"},"modified":"2026-01-30T17:34:05","modified_gmt":"2026-01-30T16:34:05","slug":"ag2020","status":"publish","type":"page","link":"https:\/\/www.mda-hdv.be\/fr\/ag2020\/","title":{"rendered":"Rapports des Assembl\u00e9es g\u00e9n\u00e9rales"},"content":{"rendered":"<div class=\"wpb-content-wrapper\"><p>[vc_row][vc_column css=\u00a0\u00bb.vc_custom_1557590639118{padding-top: -50px !important;}\u00a0\u00bb][vc_column_text css=\u00a0\u00bb\u00a0\u00bb]<\/p>\n<div class=\"page\" title=\"Page 1\">\n<div class=\"layoutArea\">\n<div class=\"column\">\n<p><a href=\"https:\/\/www.mda-hdv.be\/wp-content\/uploads\/2026\/01\/Rapport-de-lAGE-du-10-12-2025.pdf\"><strong>PROCE<\/strong><strong>S-VERBAL DE L&rsquo;ASSEMBL\u00c9E G\u00c9N\u00c9RALE EXTRAORDINAIRE DU 10 D\u00c9CEMBRE &nbsp;<\/strong><strong>2025<\/strong><\/a><\/p>\n<p>&nbsp;<\/p>\n<p><a href=\"https:\/\/www.mda-hdv.be\/wp-content\/uploads\/2024\/06\/PV-AG-24FR-FF-def-WEB-2.pdf\"><strong>PROCE<\/strong><\/a><a href=\"https:\/\/www.mda-hdv.be\/wp-content\/uploads\/2025\/08\/compte-rendu-de-lAG-version-FR-28-7.pdf\"><strong>S-VERBAL DE L&rsquo;ASSEMBLEE GENERALE DU 12 JUIN &nbsp;<\/strong><strong>2025<\/strong><\/a><\/p>\n<p>&nbsp;<\/p>\n<p><a href=\"https:\/\/www.mda-hdv.be\/wp-content\/uploads\/2024\/06\/PV-AG-24FR-FF-def-WEB-2.pdf\"><strong>PROCES-VERBAL DE L&rsquo;ASSEMBLEE GENERALE DU 28 MAI &nbsp;2024<\/strong><\/a><\/p>\n<p>&nbsp;<\/p>\n<\/div>\n<\/div>\n<p><a href=\"https:\/\/www.mda-hdv.be\/wp-content\/uploads\/2023\/05\/PV-AG-mars-2023_FR.pdf\"><strong>PROCES-VERBAL DE L&rsquo;ASSEMBLEE GENERALE DU 08 MARS &nbsp;2023<\/strong><\/a><\/p>\n<p>&nbsp;<\/p>\n<div class=\"layoutArea\">\n<div class=\"column\">\n<p style=\"text-align: left;\"><a href=\"https:\/\/www.mda-hdv.be\/wp-content\/uploads\/2022\/04\/PV-AG-Ordinaire-9-mars-2022_FR.pdf\"><strong>PROCES-VERBAL DE L&rsquo;ASSEMBLEE GENERALE DU 09 MARS 2022<\/strong><\/a><\/p>\n<p>&nbsp;<\/p>\n<\/div>\n<p><a href=\"https:\/\/www.mda-hdv.be\/wp-content\/uploads\/2022\/04\/PV-AG-EXTRAOrdinaire-STATUTS_9-mars-2022_FR.pdf\"><strong>PROC\u00c8S-VERBAL DE L&rsquo;ASSEMBLEE GENERALE EXTRAORDINAIRE DU 9 MARS 2022: NOUVEAUX STATUTS<\/strong><\/a><\/p>\n<div class=\"column\">\n<p>&nbsp;<\/p>\n<p style=\"text-align: left;\"><a href=\"https:\/\/www.mda-hdv.be\/wp-content\/uploads\/2021\/07\/PV-AG-26-juin-2021-FR.pdf\"><strong>PROCES-VERBAL DE L&rsquo;ASSEMBLEE GENERALE DU 26 JUIN 2021<\/strong><\/a><\/p>\n<p>&nbsp;<\/p>\n<p style=\"text-align: left;\"><a href=\"https:\/\/www.mda-hdv.be\/wp-content\/uploads\/2022\/04\/PV-AG-11-mars-2020-FR.pdf\"><strong>PROCES-VERBAL DE L&rsquo;ASSEMBLEE GENERALE DU 11 MARS 2020<\/strong><\/a><\/p>\n<\/div>\n<\/div>\n<\/div>\n<p>&nbsp;<\/p>\n<p>&nbsp;<\/p>\n<p>&nbsp;<\/p>\n<p>&nbsp;<\/p>\n<p>&nbsp;<\/p>\n<div class=\"page\" title=\"Page 1\">\n<div class=\"layoutArea\">\n<p>&nbsp;<\/p>\n<\/div>\n<\/div>\n<div class=\"page\" title=\"Page 4\">\n<div class=\"layoutArea\">\n<div class=\"column\">\n<div class=\"page\" title=\"Page 1\">\n<div class=\"layoutArea\">\n<p>&nbsp;<\/p>\n<\/div>\n<\/div>\n<\/div>\n<\/div>\n<\/div>\n<p>[\/vc_column_text][\/vc_column][\/vc_row]<\/p>\n<\/div>","protected":false},"excerpt":{"rendered":"<p>[vc_row][vc_column css=\u00a0\u00bb.vc_custom_1557590639118{padding-top: -50px !important;}\u00a0\u00bb][vc_column_text css=\u00a0\u00bb\u00a0\u00bb] PROCES-VERBAL DE L&rsquo;ASSEMBL\u00c9E G\u00c9N\u00c9RALE EXTRAORDINAIRE DU 10 D\u00c9CEMBRE &nbsp;2025 &nbsp; PROCES-VERBAL DE L&rsquo;ASSEMBLEE GENERALE DU 12 JUIN &nbsp;2025 &nbsp; PROCES-VERBAL DE L&rsquo;ASSEMBLEE GENERALE DU 28 MAI &nbsp;2024 &nbsp; PROCES-VERBAL DE L&rsquo;ASSEMBLEE GENERALE DU 08 MARS &nbsp;2023 &nbsp; PROCES-VERBAL DE L&rsquo;ASSEMBLEE GENERALE DU 09 MARS 2022 &nbsp; PROC\u00c8S-VERBAL DE L&rsquo;ASSEMBLEE GENERALE&hellip;<\/p>\n","protected":false},"author":1,"featured_media":0,"parent":0,"menu_order":0,"comment_status":"closed","ping_status":"closed","template":"","meta":{"om_disable_all_campaigns":false,"_monsterinsights_skip_tracking":false,"_monsterinsights_sitenote_active":false,"_monsterinsights_sitenote_note":"","_monsterinsights_sitenote_category":0,"_uf_show_specific_survey":0,"_uf_disable_surveys":false,"footnotes":""},"class_list":["post-2067","page","type-page","status-publish","hentry","description-off"],"aioseo_notices":[],"_links":{"self":[{"href":"https:\/\/www.mda-hdv.be\/fr\/wp-json\/wp\/v2\/pages\/2067","targetHints":{"allow":["GET"]}}],"collection":[{"href":"https:\/\/www.mda-hdv.be\/fr\/wp-json\/wp\/v2\/pages"}],"about":[{"href":"https:\/\/www.mda-hdv.be\/fr\/wp-json\/wp\/v2\/types\/page"}],"author":[{"embeddable":true,"href":"https:\/\/www.mda-hdv.be\/fr\/wp-json\/wp\/v2\/users\/1"}],"replies":[{"embeddable":true,"href":"https:\/\/www.mda-hdv.be\/fr\/wp-json\/wp\/v2\/comments?post=2067"}],"version-history":[{"count":17,"href":"https:\/\/www.mda-hdv.be\/fr\/wp-json\/wp\/v2\/pages\/2067\/revisions"}],"predecessor-version":[{"id":3312,"href":"https:\/\/www.mda-hdv.be\/fr\/wp-json\/wp\/v2\/pages\/2067\/revisions\/3312"}],"wp:attachment":[{"href":"https:\/\/www.mda-hdv.be\/fr\/wp-json\/wp\/v2\/media?parent=2067"}],"curies":[{"name":"wp","href":"https:\/\/api.w.org\/{rel}","templated":true}]}}