{"id":293,"date":"2017-07-06T16:33:53","date_gmt":"2017-07-06T14:33:53","guid":{"rendered":"http:\/\/www.mda-hdv.be\/?page_id=293"},"modified":"2026-01-30T17:45:36","modified_gmt":"2026-01-30T16:45:36","slug":"avec-siege-social-a-la-mda-2","status":"publish","type":"page","link":"https:\/\/www.mda-hdv.be\/fr\/avec-siege-social-a-la-mda-2\/","title":{"rendered":"Associations"},"content":{"rendered":"<div class=\"wpb-content-wrapper\"><p>[vc_row][vc_column css_animation=\u00a0\u00bbnone\u00a0\u00bb css=\u00a0\u00bb.vc_custom_1548173912659{background-color: rgba(234,249,249,0.44) !important;*background-color: rgb(234,249,249) !important;border-radius: 20px !important;}\u00a0\u00bb][vc_single_image image=\u00a0\u00bb1726&Prime; img_size=\u00a0\u00bb800 x 450&Prime; alignment=\u00a0\u00bbcenter\u00a0\u00bb style=\u00a0\u00bbvc_box_border\u00a0\u00bb][vc_column_text css=\u00a0\u00bb.vc_custom_1501864863869{border-radius: 10px !important;}\u00a0\u00bb]<\/p>\n<h3 style=\"text-align: center;\"><span style=\"color: #0000ff;\"><em>Ayant leur si\u00e8ge social \u00e0 la MDA<\/em><\/span><\/h3>\n<p>[\/vc_column_text][vc_column_text css=\u00a0\u00bb\u00a0\u00bb]<\/p>\n<ul>\n<li>\n<h4><span style=\"color: #0000ff;\"><strong><span style=\"text-decoration: underline;\"><a style=\"color: #0000ff; text-decoration: underline;\" href=\"http:\/\/www.belgianaeroclub.be\">A\u00e9roclub Royal de Belgique (ACRB)<\/a><\/span><\/strong><\/span><\/h4>\n<\/li>\n<li>\n<h4><span style=\"color: #0000ff;\"><strong><span style=\"text-decoration: underline;\"><a style=\"color: #0000ff; text-decoration: underline;\" href=\"https:\/\/www.amicalehab.org\">Amicale des H\u00f4tesses de l&rsquo;Air de Belgique (AHAB)<\/a> <\/span>&nbsp; &nbsp; &nbsp; <a style=\"color: #0000ff;\" href=\"https:\/\/www.facebook.com\/ahabbelgique\/\" target=\"_blank\" rel=\"noopener noreferrer\"><img loading=\"lazy\" decoding=\"async\" class=\"irc_mi\" src=\"https:\/\/www.e-monsite.com\/medias\/images\/integrer-fb.png\" alt=\"R\u00e9sultat de recherche d'images pour &quot;widget facebook&quot;\" width=\"23\" height=\"23\"><\/a><\/strong><\/span><\/h4>\n<\/li>\n<li>\n<h4><a href=\"https:\/\/www.anpcv-brabant.be\"><span style=\"color: #0000ff;\"><strong><u>Amicale des Paracommando Brabant<\/u><\/strong><\/span><\/a><\/h4>\n<\/li>\n<li>\n<h4><span style=\"color: #0000ff;\"><strong>Association des Officiers de R\u00e9serve de la Force A\u00e9rienne(ASNORA)<\/strong><\/span><\/h4>\n<\/li>\n<li>\n<h4><a href=\"https:\/\/www.facebook.com\/groups\/482710468604935\/\"><span style=\"color: #0000ff;\"><strong>Association des Sous-officiers de R\u00e9serve et Anciens Sous-Officiers de la Force A\u00e9rienne -(inclus les Caporaux et Volontaires) (ANSORA). &nbsp;&nbsp;&nbsp;&nbsp;&nbsp;&nbsp;&nbsp;&nbsp;&nbsp;<\/strong><\/span><\/a><\/h4>\n<\/li>\n<li>\n<h4><span style=\"text-decoration: underline; color: #0000ff;\"><strong><a style=\"color: #0000ff; text-decoration: underline;\" href=\"http:\/\/www.aamodels.be\/fr\/accueil.html\" target=\"_blank\" rel=\"noopener noreferrer\">Association d&rsquo;A\u00e9romod\u00e9lisme &nbsp;(AAM)<\/a><\/strong><\/span><\/h4>\n<\/li>\n<li>\n<h4><span style=\"text-decoration: underline;\"><span style=\"color: #0000ff;\"><a style=\"color: #0000ff; text-decoration: underline;\" href=\"https:\/\/asfbelgium.org\/fr\/accueil\">Aviation Sans Fronti\u00e8res (ASF)<\/a><\/span><\/span><\/h4>\n<\/li>\n<li>\n<h4><span style=\"text-decoration: underline; color: #0000ff;\"><strong><a style=\"color: #0000ff; text-decoration: underline;\" href=\"http:\/\/www.bamf.be\/?Welcome\" target=\"_blank\" rel=\"noopener noreferrer\">Brussels Air Museum Fonds (BAMF)<\/a><\/strong><\/span><\/h4>\n<\/li>\n<li>\n<h4><span style=\"text-decoration: underline; color: #0000ff;\"><strong><a style=\"color: #0000ff; text-decoration: underline;\" href=\"http:\/\/bafassociation.be\/\" target=\"_blank\" rel=\"noopener noreferrer\">Belgian Air Force Association (BAFA)<\/a>&nbsp;<\/strong><\/span><\/h4>\n<\/li>\n<li>\n<h4><span style=\"text-decoration: underline; color: #0000ff;\"><strong><a style=\"color: #0000ff; text-decoration: underline;\" href=\"http:\/\/www.bulmf.be\/index.php\/fr\/\">Belgian ULM Federation<\/a>&nbsp;(BULMF)<\/strong><\/span><\/h4>\n<\/li>\n<li>\n<h4><span style=\"text-decoration: underline; color: #0000ff;\"><strong><a style=\"color: #0000ff; text-decoration: underline;\" href=\"https:\/\/www.belairmodels.be\" target=\"_blank\" rel=\"noopener noreferrer\">Ligue Belge d&rsquo;A\u00e9romod\u00e9lisme (LBA)<\/a><\/strong><\/span><\/h4>\n<\/li>\n<li>\n<h4><span style=\"text-decoration: underline; color: #0000ff;\"><strong>F\u00e9d\u00e9ration Belge de Vol \u00e0 Voile (FBVV)&nbsp;<\/strong><\/span><\/h4>\n<\/li>\n<li>\n<h4><span style=\"text-decoration: underline; color: #0000ff;\"><strong><a style=\"color: #0000ff; text-decoration: underline;\" href=\"https:\/\/www.eurospacesociety.be\" target=\"_blank\" rel=\"noopener noreferrer\">Euro Space Society (ESS)<\/a><\/strong><\/span><\/h4>\n<\/li>\n<li>\n<h4><span style=\"text-decoration: underline; color: #0000ff;\"><strong>F\u00e9d\u00e9ration Belge d&rsquo;Aviation (FBA)<\/strong><\/span><\/h4>\n<\/li>\n<li>\n<h4><span style=\"text-decoration: underline; color: #0000ff;\"><strong><a style=\"color: #0000ff; text-decoration: underline;\" href=\"http:\/\/www.federationparamoteur.be\/\" target=\"_blank\" rel=\"noopener noreferrer\">F\u00e9d\u00e9ration Belge de Paramoteur (FBPM<\/a>)<\/strong><\/span><\/h4>\n<\/li>\n<li>\n<h4><span style=\"text-decoration: underline; color: #0000ff;\"><strong><a style=\"color: #0000ff; text-decoration: underline;\" href=\"http:\/\/www.fbvl.be\/\" target=\"_blank\" rel=\"noopener noreferrer\">F\u00e9d\u00e9ration Belge de Vol Libre (FBVL)<\/a><\/strong><\/span><\/h4>\n<\/li>\n<li>\n<h4><span style=\"text-decoration: underline; color: #0000ff;\"><strong><a style=\"color: #0000ff; text-decoration: underline;\" href=\"http:\/\/www.fnar.be\/\" target=\"_blank\" rel=\"noopener noreferrer\">Fonds National Alfred Renard<\/a>&nbsp;(FNAR)&nbsp;<\/strong><\/span><\/h4>\n<\/li>\n<li>\n<h4><span style=\"text-decoration: underline; color: #0000ff;\"><strong><a style=\"color: #0000ff; text-decoration: underline;\" href=\"http:\/\/www.balloonfederation.be\/\" target=\"_blank\" rel=\"noopener noreferrer\">F\u00e9d\u00e9ration Royale d&rsquo;A\u00e9rostation Belge (FRAB)<\/a><\/strong><strong><a style=\"color: #0000ff; text-decoration: underline;\" title=\"IPA\" href=\"http:\/\/www.ipa-brabant.be\/v4\/?page_id=108&amp;lang=fr\" name=\"IPA\"><\/a><\/strong><\/span><span style=\"text-decoration: underline; color: #0000ff;\"><strong><br \/>\n<\/strong><\/span><\/h4>\n<\/li>\n<li>\n<h4><span style=\"color: #0000ff;\">Old Flyers Club<\/span><\/h4>\n<\/li>\n<li>\n<h4><span style=\"text-decoration: underline; color: #0000ff;\"><strong><a style=\"color: #0000ff; text-decoration: underline;\" href=\"http:\/\/www.sabena-aeroclub.be\/fr\/\" target=\"_blank\" rel=\"noopener noreferrer\">SABENA A\u00e9roclub<\/a><\/strong><\/span><\/h4>\n<\/li>\n<li>\n<h4><span style=\"text-decoration: underline; color: #0000ff;\"><strong><a style=\"color: #0000ff; text-decoration: underline;\" href=\"http:\/\/www.sabenaoldtimers.be\/?BIENVENUE\" target=\"_blank\" rel=\"noopener noreferrer\">SABENA Old Timers (SNOT)<\/a><\/strong><\/span><\/h4>\n<\/li>\n<li>\n<h4><span style=\"text-decoration: underline; color: #0000ff;\"><strong><a style=\"color: #0000ff; text-decoration: underline;\" href=\"http:\/\/www.vieillestiges.be\/\" target=\"_blank\" rel=\"noopener noreferrer\">Les Vieilles Tiges de l&rsquo;Aviation Belge (VTB)<\/a><\/strong><\/span><span style=\"text-decoration: underline; color: #0000ff;\"><strong><br \/>\n<\/strong><\/span><\/h4>\n<\/li>\n<\/ul>\n<div id=\"ConnectiveDocSignExtentionInstalled\" data-extension-version=\"1.0.4\"><\/div>\n<div id=\"ConnectiveDocSignExtentionInstalled\" data-extension-version=\"1.0.4\"><\/div>\n<div id=\"ConnectiveDocSignExtentionInstalled\" data-extension-version=\"1.0.4\"><\/div>\n<div id=\"ConnectiveDocSignExtentionInstalled\" data-extension-version=\"1.0.4\"><\/div>\n<div id=\"ConnectiveDocSignExtentionInstalled\" data-extension-version=\"1.0.4\"><\/div>\n<div id=\"ConnectiveDocSignExtentionInstalled\" data-extension-version=\"1.0.4\"><\/div>\n<div id=\"ConnectiveDocSignExtentionInstalled\" data-extension-version=\"1.0.4\"><\/div>\n<div id=\"ConnectiveDocSignExtentionInstalled\" data-extension-version=\"1.0.4\"><\/div>\n<div id=\"ConnectiveDocSignExtentionInstalled\" data-extension-version=\"1.0.4\"><\/div>\n<div id=\"ConnectiveDocSignExtentionInstalled\" data-extension-version=\"1.0.4\"><\/div>\n<div id=\"ConnectiveDocSignExtentionInstalled\" data-extension-version=\"1.0.4\"><\/div>\n<div id=\"ConnectiveDocSignExtentionInstalled\" data-extension-version=\"1.0.4\"><\/div>\n<div id=\"ConnectiveDocSignExtentionInstalled\" data-extension-version=\"1.0.4\"><\/div>\n<div id=\"ConnectiveDocSignExtentionInstalled\" data-extension-version=\"1.0.4\"><\/div>\n<div id=\"ConnectiveDocSignExtentionInstalled\" data-extension-version=\"1.0.4\"><\/div>\n<div id=\"ConnectiveDocSignExtentionInstalled\" data-extension-version=\"1.0.4\"><\/div>\n<div id=\"ConnectiveDocSignExtentionInstalled\" data-extension-version=\"1.0.4\"><\/div>\n<div id=\"ConnectiveDocSignExtentionInstalled\" data-extension-version=\"1.0.4\"><\/div>\n<p>[\/vc_column_text][\/vc_column][vc_column][vc_single_image image=\u00a0\u00bb250&Prime; img_size=\u00a0\u00bbmedium\u00a0\u00bb alignment=\u00a0\u00bbcenter\u00a0\u00bb style=\u00a0\u00bbvc_box_shadow_3d\u00a0\u00bb css=\u00a0\u00bb.vc_custom_1501864998090{margin-top: 20px !important;}\u00a0\u00bb][\/vc_column][\/vc_row][vc_row][vc_column css=\u00a0\u00bb.vc_custom_1501864797750{margin-top: 5px !important;background-color: rgba(234,249,249,0.44) !important;*background-color: rgb(234,249,249) !important;}\u00a0\u00bb][vc_column_text]<\/p>\n<h3 style=\"text-align: center;\"><span style=\"color: #0000ff;\"><em>N&rsquo;ayant Pas leur si\u00e8ge social \u00e0 la MDA<\/em><\/span><\/h3>\n<p>[\/vc_column_text][vc_column_text css=\u00a0\u00bb.vc_custom_1769791531000{border-radius: 20px !important;}\u00a0\u00bb]<\/p>\n<ul>\n<li>\n<h4><span style=\"text-decoration: underline; color: #3366ff;\"><strong><a style=\"color: #3366ff; text-decoration: underline;\" href=\"http:\/\/www.mars-mercurius.be\/\">Cercle Royal Mars et Mercure<\/a><\/strong><\/span><\/h4>\n<\/li>\n<li>\n<h4><span style=\"color: #3366ff;\"><span style=\"color: #3366ff;\"><strong><span style=\"color: #3366ff;\">La Fondation IMOUZZER<\/span><\/strong><\/span><\/span><span style=\"text-decoration: underline; color: #0048ff;\"><strong><br \/>\n<\/strong><\/span><span style=\"text-decoration: underline; color: #0000ff;\"><strong><br \/>\n<\/strong><\/span><\/h4>\n<\/li>\n<\/ul>\n<h4 id=\"ConnectiveDocSignExtentionInstalled\" data-extension-version=\"1.0.4\"><\/h4>\n<div id=\"ConnectiveDocSignExtentionInstalled\" data-extension-version=\"1.0.4\"><\/div>\n<div id=\"ConnectiveDocSignExtentionInstalled\" data-extension-version=\"1.0.4\"><\/div>\n<div id=\"ConnectiveDocSignExtentionInstalled\" data-extension-version=\"1.0.4\"><\/div>\n<p>[\/vc_column_text][\/vc_column][\/vc_row]<\/p>\n<\/div>","protected":false},"excerpt":{"rendered":"<p>[vc_row][vc_column css_animation=\u00a0\u00bbnone\u00a0\u00bb css=\u00a0\u00bb.vc_custom_1548173912659{background-color: rgba(234,249,249,0.44) !important;*background-color: rgb(234,249,249) !important;border-radius: 20px !important;}\u00a0\u00bb][vc_single_image image=\u00a0\u00bb1726&Prime; img_size=\u00a0\u00bb800 x 450&Prime; alignment=\u00a0\u00bbcenter\u00a0\u00bb style=\u00a0\u00bbvc_box_border\u00a0\u00bb][vc_column_text css=\u00a0\u00bb.vc_custom_1501864863869{border-radius: 10px !important;}\u00a0\u00bb] Ayant leur si\u00e8ge social \u00e0 la MDA [\/vc_column_text][vc_column_text css=\u00a0\u00bb\u00a0\u00bb] A\u00e9roclub Royal de Belgique (ACRB) Amicale des H\u00f4tesses de l&rsquo;Air de Belgique (AHAB) &nbsp; &nbsp; &nbsp; Amicale des Paracommando Brabant Association des Officiers de R\u00e9serve de la Force&hellip;<\/p>\n","protected":false},"author":1,"featured_media":0,"parent":0,"menu_order":0,"comment_status":"closed","ping_status":"closed","template":"","meta":{"om_disable_all_campaigns":false,"_monsterinsights_skip_tracking":false,"_monsterinsights_sitenote_active":false,"_monsterinsights_sitenote_note":"","_monsterinsights_sitenote_category":0,"_uf_show_specific_survey":0,"_uf_disable_surveys":false,"footnotes":""},"class_list":["post-293","page","type-page","status-publish","hentry","description-off"],"aioseo_notices":[],"_links":{"self":[{"href":"https:\/\/www.mda-hdv.be\/fr\/wp-json\/wp\/v2\/pages\/293","targetHints":{"allow":["GET"]}}],"collection":[{"href":"https:\/\/www.mda-hdv.be\/fr\/wp-json\/wp\/v2\/pages"}],"about":[{"href":"https:\/\/www.mda-hdv.be\/fr\/wp-json\/wp\/v2\/types\/page"}],"author":[{"embeddable":true,"href":"https:\/\/www.mda-hdv.be\/fr\/wp-json\/wp\/v2\/users\/1"}],"replies":[{"embeddable":true,"href":"https:\/\/www.mda-hdv.be\/fr\/wp-json\/wp\/v2\/comments?post=293"}],"version-history":[{"count":4,"href":"https:\/\/www.mda-hdv.be\/fr\/wp-json\/wp\/v2\/pages\/293\/revisions"}],"predecessor-version":[{"id":3316,"href":"https:\/\/www.mda-hdv.be\/fr\/wp-json\/wp\/v2\/pages\/293\/revisions\/3316"}],"wp:attachment":[{"href":"https:\/\/www.mda-hdv.be\/fr\/wp-json\/wp\/v2\/media?parent=293"}],"curies":[{"name":"wp","href":"https:\/\/api.w.org\/{rel}","templated":true}]}}