{"id":367,"date":"2017-07-25T16:53:25","date_gmt":"2017-07-25T14:53:25","guid":{"rendered":"http:\/\/www.mda-hdv.be\/?page_id=367"},"modified":"2019-01-23T14:06:00","modified_gmt":"2019-01-23T13:06:00","slug":"fonds-leboutte","status":"publish","type":"page","link":"https:\/\/www.mda-hdv.be\/fr\/fonds-leboutte\/","title":{"rendered":"FONDS LEBOUTTE"},"content":{"rendered":"<div class=\"wpb-content-wrapper\"><p>[vc_row][vc_column][vc_column_text css=\u00a0\u00bb.vc_custom_1540651056136{padding-right: 20px !important;padding-left: 20px !important;}\u00a0\u00bb]<\/p>\n<ol>\n<li><strong><span style=\"color: #000000;\"><u>HISTORIQUE<\/u><\/span><\/strong><\/li>\n<\/ol>\n<div id=\"attachment_350\" style=\"width: 240px\" class=\"wp-caption alignright\"><img loading=\"lazy\" decoding=\"async\" aria-describedby=\"caption-attachment-350\" class=\"wp-image-350 size-full\" src=\"http:\/\/www.mda-hdv.be\/wp-content\/uploads\/2017\/06\/leboutte1.jpg\" alt=\"\" width=\"230\" height=\"296\" \/><p id=\"caption-attachment-350\" class=\"wp-caption-text\"><span style=\"color: #000000;\">\u00a0 \u00a0 \u00a0Lieutenant g\u00e9n\u00e9ral L. Leboutte<\/span><\/p><\/div>\n<p><span style=\"color: #000000;\">L\u2019 ASBL \u201c La Maison des Ailes \u201c a d\u00e9cid\u00e9 lors de son assembl\u00e9e g\u00e9n\u00e9rale du 7 juin 1990, de cr\u00e9er un fonds d\u2019encouragement et d\u2019aide \u00e0 la carri\u00e8re a\u00e9ronautique appel\u00e9 \u201c Fonds G\u00e9n\u00e9ral Leboutte \u201c.<\/span><\/p>\n<div>\n<p><span style=\"color: #000000;\">Le Lieutenant-G\u00e9n\u00e9ral Aviateur Lucien Leboutte DFC est n\u00e9 le 5 mars 1898.<\/span><\/p>\n<p><span style=\"color: #000000;\">Engag\u00e9 \u00e0 l\u2019a\u00e9ronautique militaire, il y servit comme pilote de chasse. Fait prisonnier en 1940, il parvint \u00e0 s\u2019\u00e9chapper en s\u2019\u00e9vada de Belgique. Il rejoignit l\u2019Angleterre en 1941 et reprit du service dans une escadrille de chasse de nuit bien qu\u2019ayant d\u00e9pass\u00e9 l\u2019\u00e2ge pour ce type d\u2019affectation. Sa conduite exceptionnelle en op\u00e9rations lui valut la Distinguished Flying Cross (DFC).<\/span><\/p>\n<p><span style=\"color: #000000;\">Rentr\u00e9 en Belgique, il devint le premier chef de l\u2019Etat-Major de la nouvelle Force A\u00e9rienne, qu\u2019il avait organis\u00e9e et mise sur pied selon les directives du gouvernement.<\/span><\/p>\n<p><span style=\"color: #000000;\">Le Lt.-G\u00e9n\u00e9ral Aviateur L. Leboutte DFC s\u2019est de plus sans cesse d\u00e9vou\u00e9 pour l\u2019aviation. Il pr\u00e9sida notamment les Cadets de l\u2019Air de Belgique, les Vieilles Tiges de Belgique, la Fraternelle des Aviateurs Belges de la RAF, la Royal Air Force Association Belgian Branch. Enfin il fut pendant plus de 40 ans pr\u00e9sident de la Maison des Ailes.<\/span><\/p>\n<p><span style=\"color: #000000;\">C\u2019est en souvenir de son pr\u00e9sident d\u00e9c\u00e9d\u00e9 le 28 octobre 1988 et pour lui rendre hommage que la Maison des Ailes d\u00e9die le Fonds qui porte son nom.<\/span><\/p>\n<ol start=\"2\">\n<li><strong><span style=\"color: #000000;\"><u>OBJET<\/u><\/span><\/strong><\/li>\n<\/ol>\n<p><span style=\"color: #000000;\">Le Fonds G\u00e9n\u00e9ral Leboutte a pour but d\u2019aider les jeunes candidat(e)s \u00e0 acc\u00e9der \u00e0 une carri\u00e8re de pilote en leur pr\u00eatant une somme d\u2019argent destin\u00e9 \u00e0 couvrir une partie des frais encourus par les cours, les entra\u00eenements\u00a0 et examens pour l\u2019obtention d\u2019une licence de pilote\u00a0 de ligne.<\/span><\/p>\n<p><span style=\"color: #000000;\">Le Fonds constitue une aide financi\u00e8re sous forme\u00a0 de pr\u00eat (voir \u00a77). Il n\u2019a pas pour but d\u2019amener le candidat ou la candidate \u00e0 la r\u00e9ussite et \u00e0 l\u2019obtention d\u2019une licence. Il ne s\u2019adresse qu\u2019aux candidats ayant d\u00e9j\u00e0 r\u00e9ussi l\u2019examen th\u00e9orique\u00a0 de pilote de ligne (ATPL). Le montant maximum du pr\u00eat est actuellement de 7500\u20ac.<\/span><\/p>\n<ol start=\"3\">\n<li><strong><span style=\"color: #000000;\"><u> ORIGINE DES LIQUIDITES<\/u><\/span><\/strong><\/li>\n<\/ol>\n<p><span style=\"color: #000000;\">Le Fonds Leboutte sera constitu\u00e9 par des dons r\u00e9colt\u00e9s dans les milieux a\u00e9ronautiques,\u00a0 \u00e0\u00a0 commencer par l\u2019ASBL La Maison des Ailes.<\/span><\/p>\n<p><span style=\"color: #000000;\">Il sera r\u00e9aliment\u00e9 par les remboursements des pr\u00eats qui ont \u00e9t\u00e9 consentis.<\/span><\/p>\n<ol start=\"4\">\n<li><strong><span style=\"color: #000000;\"><u> JURY<\/u><\/span><\/strong><\/li>\n<\/ol>\n<p><span style=\"color: #000000;\">Le jury est constitu\u00e9 par le Conseil d\u2019Administration de la Maison des Ailes, au moins deux-tiers des membres devant \u00eatre pr\u00e9sents. Les d\u00e9cisions sont prises \u00e0 la majorit\u00e9 simple des membres pr\u00e9sents et repr\u00e9sent\u00e9s. Lors des votes, en cas de ballottage, la voix du Pr\u00e9sident est pr\u00e9pond\u00e9rante.<\/span><\/p>\n<p><span style=\"color: #000000;\">Les d\u00e9cisions seront reprises dans le proc\u00e8s-verbal.<\/span><\/p>\n<ol start=\"5\">\n<li><strong><span style=\"color: #000000;\"><u> CANDIDATURES<\/u><\/span><\/strong><\/li>\n<\/ol>\n<p><span style=\"color: #000000;\">Les conditions pour faire offre de candidature sont les suivantes :<\/span><\/p>\n<p><span style=\"color: #000000;\">&#8211; \u00eatre d\u00e9tenteur d\u2019un dipl\u00f4me homologu\u00e9 de l\u2019enseignement secondaire sup\u00e9rieur<\/span><\/p>\n<p><span style=\"color: #000000;\">&#8211; \u00eatre majeur<\/span><\/p>\n<p><span style=\"color: #000000;\">&#8211; \u00eatre en possession d\u2019un certificat de bonne vie et moeurs<\/span><\/p>\n<p><span style=\"color: #000000;\">&#8211; \u00eatre physiquement apte et avoir subi, dans les six mois qui pr\u00e9c\u00e8dent l\u2019introduction de la candi-\u00a0\u00a0\u00a0\u00a0\u00a0\u00a0\u00a0\u00a0\u00a0\u00a0\u00a0\u00a0\u00a0\u00a0\u00a0\u00a0\u00a0\u00a0\u00a0\u00a0\u00a0\u00a0 \u00a0\u00a0 dature, l\u2019examen m\u00e9dical d\u2019aptitude pr\u00e9vu par l\u2019Administration de l\u2019A\u00e9ronautique<\/span><\/p>\n<p><span style=\"color: #000000;\">&#8211; avoir r\u00e9ussi l\u2019examen th\u00e9orique de pilote de ligne<\/span><\/p>\n<p><span style=\"color: #000000;\">&#8211;\u00a0avoir choisi une \u00e9cole a\u00e9ronautique qualifi\u00e9e et reconnue par les organismes officiels\u00a0 \u00a0\u00a0(Administration de l\u2019A\u00e9ronautique belge)<\/span><\/p>\n<p><span style=\"color: #000000;\">Les candidatures seront introduites au moyen d\u2019un formulaire appel\u00e9\u00a0 \u201c Demande de Pr\u00eat \u201c accompagn\u00e9 des documents requis. Ces formulaires seront envoy\u00e9s aux candidats sur simple demande aupr\u00e8s du secr\u00e9tariat de la Maison des Ailes.<\/span><\/p>\n<p><span style=\"color: #000000;\">La d\u00e9cision du jury pourra prendre trois formes :<\/span><\/p>\n<p><span style=\"color: #000000;\">&#8211; candidature accept\u00e9e ( suivie du montant du pr\u00eat et d\u2019un \u00e9ventuel taux d\u2019int\u00e9r\u00eat ) ;<\/span><\/p>\n<p><span style=\"color: #000000;\">&#8211; candidature refus\u00e9e ;<\/span><\/p>\n<p><span style=\"color: #000000;\">&#8211; candidature report\u00e9e.<\/span><\/p>\n<p><span style=\"color: #000000;\">Le candidat ou la candidate report\u00e9(e) pourra r\u00e9introduire sa candidature d\u2019ann\u00e9e suivante pour autant qu\u2019il (elle) remplisse toujours les conditions fix\u00e9es ci-dessus.<\/span><\/p>\n<ol start=\"6\">\n<li><strong><span style=\"color: #000000;\"><u>PUBLICITE<\/u><\/span><\/strong><\/li>\n<\/ol>\n<p><span style=\"color: #000000;\">De la publicit\u00e9 en faveur du Fonds Leboutte sera faite chaque fois que possible dans les revues et lieux a\u00e9ronautiques du pays.<\/span><\/p>\n<p><span style=\"color: #000000;\">L\u2019engagement de d\u00e9pense dans ce but fera l\u2019objet d\u2019une d\u00e9cision du Conseil d\u2019Administration.<\/span><\/p>\n<ol start=\"7\">\n<li><strong><span style=\"color: #000000;\"><u> NATURE DES PRETS<\/u><\/span><\/strong><\/li>\n<\/ol>\n<p><span style=\"color: #000000;\">Les pr\u00eats sont octroy\u00e9s moyennant un \u00e9ventuel taux d\u2019int\u00e9r\u00eat qui sera fix\u00e9 chaque ann\u00e9e par le Conseil d\u2019Administration.<\/span><\/p>\n<p><span style=\"color: #000000;\">Selon le choix du b\u00e9n\u00e9ficiaire, le pr\u00eat consistera en une allocation unique, trimestrielle, semestrielle ou annuelle. Elle sera pay\u00e9e sous forme de minerval \u00e0 l\u2019\u00e9cole choisie.<\/span><\/p>\n<p><span style=\"color: #000000;\">Lorsque le pr\u00eat est attribu\u00e9 et la d\u00e9cision port\u00e9e \u00e0 la connaissance du b\u00e9n\u00e9ficiaire, celui- ci\u00a0dispose de quinze jours ouvrables pour en faire verser le montant sur le compte de l\u2019\u00e9cole choisie.<\/span><\/p>\n<ol start=\"8\">\n<li><strong><span style=\"color: #000000;\"><u>CONDITIONS D\u2019OCTROI<\/u><\/span><\/strong><\/li>\n<\/ol>\n<p><span style=\"color: #000000;\">Les b\u00e9n\u00e9ficiaires s\u2019engagent \u00e0 souscrire une assurance-vie pour le solde restant d\u00fb et fournir la preuve du paiement de la prime. Cette condition doit \u00eatre remplie avant le versement du capital emprunt\u00e9. La Maison des Ailes poss\u00e8de un contrat-type qui est \u00e0 la disposition des candidats.<\/span><\/p>\n<p><span style=\"color: #000000;\">Les b\u00e9n\u00e9ficiaires communiqueront tous les six mois l\u2019\u00e9tat d\u2019avancement de leurs cours et de leurs prestations en vol.<\/span><\/p>\n<p><span style=\"color: #000000;\">Le pr\u00eat ne pourra servir \u00e0 d\u2019autres fins que celle de l\u2019obtention d\u2019une licence de pilote de ligne. Il pourra \u00eatre interrompu si le candidat ne respecte pas les conditions qui r\u00e9gissent son attribution<\/span><\/p>\n<p>&nbsp;<\/p>\n<p><span style=\"color: #000000;\">Les b\u00e9n\u00e9ficiaires doivent\u00a0 \u00eatre ou devenir membres de l\u2019ASBL\u00a0 La Maison des Ailes au moment o\u00f9 l\u2019attribution du pr\u00eat leur est signifi\u00e9e. Ils doivent rester membres au moins jusqu\u2019au remboursement complet du pr\u00eat.<\/span><\/p>\n<ol start=\"9\">\n<li><strong><span style=\"color: #000000;\"><u>REMBOURSEMENT<\/u><\/span><\/strong><\/li>\n<\/ol>\n<p><span style=\"color: #000000;\">Le pr\u00eat fera l\u2019objet d\u2019une convention sous seing priv\u00e9 entre l\u2019ASBL, le candidat et l\u2019\u00e9cole (FTO). Le remboursement prendra cours un an apr\u00e8s l\u2019octroi du premier capital et devra \u00eatre termin\u00e9\u00a0 au plus tard quatre ans apr\u00e8s la signature de la convention. Il s\u2019effectuera selon les modalit\u00e9s pr\u00e9vues dans la convention sous seing priv\u00e9.<\/span><\/p>\n<p><span style=\"color: #000000;\">Si les versements\u00a0 ne sont pas effectu\u00e9s aux dates pr\u00e9vues, le solde du pr\u00eat deviendra exigible apr\u00e8s mise en demeure. En cas de non-remboursement\u00a0 du pr\u00eat , une enqu\u00eate sera men\u00e9e par le Fonds qui se r\u00e9serve le droit d\u2019en poursuivre la r\u00e9cup\u00e9ration <em>\u00a0<\/em>par voie judiciaire<\/span><\/p>\n<p>&nbsp;<\/p>\n<p>&nbsp;<\/p>\n<p>&nbsp;<\/p>\n<p>&nbsp;<\/p>\n<p>&nbsp;<\/p>\n<p>&nbsp;<\/p>\n<\/div>\n<p>[\/vc_column_text][\/vc_column][\/vc_row]<\/p>\n<\/div>","protected":false},"excerpt":{"rendered":"<p>[vc_row][vc_column][vc_column_text css=\u00a0\u00bb.vc_custom_1540651056136{padding-right: 20px !important;padding-left: 20px !important;}\u00a0\u00bb] HISTORIQUE L\u2019 ASBL \u201c La Maison des Ailes \u201c a d\u00e9cid\u00e9 lors de son assembl\u00e9e g\u00e9n\u00e9rale du 7 juin 1990, de cr\u00e9er un fonds d\u2019encouragement et d\u2019aide \u00e0 la carri\u00e8re a\u00e9ronautique appel\u00e9 \u201c Fonds G\u00e9n\u00e9ral Leboutte \u201c. Le Lieutenant-G\u00e9n\u00e9ral Aviateur Lucien Leboutte DFC est n\u00e9 le 5 mars 1898.&hellip;<\/p>\n","protected":false},"author":1,"featured_media":0,"parent":0,"menu_order":0,"comment_status":"closed","ping_status":"closed","template":"","meta":{"om_disable_all_campaigns":false,"_monsterinsights_skip_tracking":false,"_monsterinsights_sitenote_active":false,"_monsterinsights_sitenote_note":"","_monsterinsights_sitenote_category":0,"_uf_show_specific_survey":0,"_uf_disable_surveys":false,"footnotes":""},"class_list":["post-367","page","type-page","status-publish","hentry","description-off"],"aioseo_notices":[],"_links":{"self":[{"href":"https:\/\/www.mda-hdv.be\/fr\/wp-json\/wp\/v2\/pages\/367","targetHints":{"allow":["GET"]}}],"collection":[{"href":"https:\/\/www.mda-hdv.be\/fr\/wp-json\/wp\/v2\/pages"}],"about":[{"href":"https:\/\/www.mda-hdv.be\/fr\/wp-json\/wp\/v2\/types\/page"}],"author":[{"embeddable":true,"href":"https:\/\/www.mda-hdv.be\/fr\/wp-json\/wp\/v2\/users\/1"}],"replies":[{"embeddable":true,"href":"https:\/\/www.mda-hdv.be\/fr\/wp-json\/wp\/v2\/comments?post=367"}],"version-history":[{"count":0,"href":"https:\/\/www.mda-hdv.be\/fr\/wp-json\/wp\/v2\/pages\/367\/revisions"}],"wp:attachment":[{"href":"https:\/\/www.mda-hdv.be\/fr\/wp-json\/wp\/v2\/media?parent=367"}],"curies":[{"name":"wp","href":"https:\/\/api.w.org\/{rel}","templated":true}]}}