{"id":369,"date":"2017-07-25T16:53:48","date_gmt":"2017-07-25T14:53:48","guid":{"rendered":"http:\/\/www.mda-hdv.be\/?page_id=369"},"modified":"2019-01-27T17:23:44","modified_gmt":"2019-01-27T16:23:44","slug":"albums-photos","status":"publish","type":"page","link":"https:\/\/www.mda-hdv.be\/fr\/albums-photos\/","title":{"rendered":"Albums Photos"},"content":{"rendered":"<div class=\"wpb-content-wrapper\"><p>[vc_row][vc_column][vc_column_text]En conformit\u00e9 avec notre D\u00e9claration de confidentialit\u00e9,<\/p>\n<p>&nbsp;<\/p>\n<p>Des photos d&rsquo;ambiance ou de groupe peuvent \u00eatre prises lors des activit\u00e9s au sein de la MDA.<\/p>\n<p>Les membres sont inform\u00e9s que ces photos peuvent para\u00eetre dans des rapports et documents internes ou dans des \u00ab\u00a0Encarts\u00a0\u00bb de la MDA du magazine des VTB.<\/p>\n<p>Chaque membre fera conna\u00eetre au gestionnaire de notre base de donn\u00e9es (datamanager) son approbation ou non d&rsquo;appara\u00eetre sur ces photos.<\/p>\n<p>Aucune photo ne sera diffus\u00e9e sur le site internet de la MDA \u00e0 ni \u00e0 l&rsquo;ext\u00e9rieur de l&rsquo;ASBL sans l&rsquo;approbation des personne concern\u00e9es.[\/vc_column_text][\/vc_column][\/vc_row]<\/p>\n<\/div>","protected":false},"excerpt":{"rendered":"<p>[vc_row][vc_column][vc_column_text]En conformit\u00e9 avec notre D\u00e9claration de confidentialit\u00e9, &nbsp; Des photos d&rsquo;ambiance ou de groupe peuvent \u00eatre prises lors des activit\u00e9s au sein de la MDA. Les membres sont inform\u00e9s que ces photos peuvent para\u00eetre dans des rapports et documents internes ou dans des \u00ab\u00a0Encarts\u00a0\u00bb de la MDA du magazine des VTB. Chaque membre fera conna\u00eetre&hellip;<\/p>\n","protected":false},"author":1,"featured_media":0,"parent":0,"menu_order":0,"comment_status":"closed","ping_status":"closed","template":"","meta":{"om_disable_all_campaigns":false,"_monsterinsights_skip_tracking":false,"_monsterinsights_sitenote_active":false,"_monsterinsights_sitenote_note":"","_monsterinsights_sitenote_category":0,"_uf_show_specific_survey":0,"_uf_disable_surveys":false,"footnotes":""},"class_list":["post-369","page","type-page","status-publish","hentry","description-off"],"aioseo_notices":[],"_links":{"self":[{"href":"https:\/\/www.mda-hdv.be\/fr\/wp-json\/wp\/v2\/pages\/369","targetHints":{"allow":["GET"]}}],"collection":[{"href":"https:\/\/www.mda-hdv.be\/fr\/wp-json\/wp\/v2\/pages"}],"about":[{"href":"https:\/\/www.mda-hdv.be\/fr\/wp-json\/wp\/v2\/types\/page"}],"author":[{"embeddable":true,"href":"https:\/\/www.mda-hdv.be\/fr\/wp-json\/wp\/v2\/users\/1"}],"replies":[{"embeddable":true,"href":"https:\/\/www.mda-hdv.be\/fr\/wp-json\/wp\/v2\/comments?post=369"}],"version-history":[{"count":0,"href":"https:\/\/www.mda-hdv.be\/fr\/wp-json\/wp\/v2\/pages\/369\/revisions"}],"wp:attachment":[{"href":"https:\/\/www.mda-hdv.be\/fr\/wp-json\/wp\/v2\/media?parent=369"}],"curies":[{"name":"wp","href":"https:\/\/api.w.org\/{rel}","templated":true}]}}