{"id":685,"date":"2017-08-25T17:13:58","date_gmt":"2017-08-25T15:13:58","guid":{"rendered":"http:\/\/www.mda-hdv.be\/?page_id=685"},"modified":"2026-04-10T10:28:06","modified_gmt":"2026-04-10T08:28:06","slug":"home-2-2-2-2-2-2","status":"publish","type":"page","link":"https:\/\/www.mda-hdv.be\/fr\/","title":{"rendered":"HOME"},"content":{"rendered":"<div class=\"wpb-content-wrapper\"><p>[vc_row][vc_column css=\u00a0\u00bb.vc_custom_1522165107957{margin-top: -30px !important;}\u00a0\u00bb][vc_single_image image=\u00a0\u00bb592&Prime; img_size=\u00a0\u00bbfull\u00a0\u00bb alignment=\u00a0\u00bbcenter\u00a0\u00bb style=\u00a0\u00bbvc_box_shadow_3d\u00a0\u00bb css_animation=\u00a0\u00bbfadeIn\u00a0\u00bb css=\u00a0\u00bb.vc_custom_1745306979476{border-top-width: 3px !important;border-right-width: 3px !important;border-bottom-width: 3px !important;border-left-width: 3px !important;}\u00a0\u00bb][\/vc_column][\/vc_row][vc_row type=\u00a0\u00bbvc_default\u00a0\u00bb gap=\u00a0\u00bb10&Prime; css=\u00a0\u00bb.vc_custom_1627481390058{padding-top: 0px !important;background-color: #ccf9f9 !important;}\u00a0\u00bb][vc_column css=\u00a0\u00bb.vc_custom_1532610532980{margin: 0px !important;border-width: 0px !important;padding: 0px !important;}\u00a0\u00bb][vc_column_text css=\u00a0\u00bb.vc_custom_1549729079210{margin-top: -15px !important;background-color: #00f4f4 !important;border-radius: 4px !important;}\u00a0\u00bb]<\/p>\n<h3 style=\"text-align: center;\"><span style=\"color: #0000ff;\">La Maison des Ailes&#8230;<\/span><\/h3>\n<p>[\/vc_column_text][vc_column_text css=\u00a0\u00bb.vc_custom_1769786654107{padding-top: -2010px !important;padding-right: -2010px !important;padding-bottom: -2010px !important;padding-left: -2010px !important;}\u00a0\u00bb]<\/p>\n<h4><strong>\u00ab\u00a0La Maison des Ailes\u00a0\u00bb est une A.S.B.L qui \u00c9TAIT propri\u00e9taire d&rsquo;un immeuble au n\u00b01 de la rue Montoyer \u00e0 Bruxelles. Elle a vendu cet immeuble en novembre 2025 car il ne r\u00e9pondait plus aux normes exig\u00e9es aujourd&rsquo;hui et l&rsquo;ASBL n&rsquo;avait pas les moyens financiers pour y rem\u00e9dier<br \/>\n<\/strong><strong>Notre association existe depuis 1937.<\/strong><br \/>\n<strong>Elle avait pour but d&rsquo;offrir \u00e0 des associations, clubs, f\u00e9d\u00e9rations, amicales\u2026etc.. ayant un lien (de pr\u00e8s ou de loin&#8230;) avec l&rsquo;aviation, de pouvoir fixer leur si\u00e8ge social \u00e0 notre adresse et de ce fait, pouvoir b\u00e9n\u00e9ficier, \u00e0 des prix concurrentiels, de la location de salles de r\u00e9unions, d&rsquo;une grande salle polyvalente (conf\u00e9rences, diners, r\u00e9ceptions, assembl\u00e9es g\u00e9n\u00e9rales..etc\u2026), d&rsquo;un petit restaurant et d&rsquo;un bar typiquement \u00ab\u00a0aviation\u00a0\u00bb dans un cadre des ann\u00e9es &rsquo;60.<\/strong><br \/>\n<b>Lors de son assembl\u00e9e g\u00e9n\u00e9rale extraordinaire en novembre 2025, l&rsquo;ASBL a d\u00e9cid\u00e9 de se transformer en &nbsp;Fondation qui portera le m\u00eame nom.Cette transformation devrait aboutir en fin 2026.<br \/>\n<\/b><strong>Il s\u2019agit d\u2019une fondation qui ne soutient que les organisations actives dans le secteur a\u00e9ronautique ainsi que les initiatives prises pour la promotion de ce secteur.<\/strong><br \/>\n<b><\/b><strong><a href=\"https:\/\/www.mda-hdv.be\/fr\/historique\/\">L&rsquo;historique de La Maison des Ailes<\/a> vous retrace son \u00e9volution depuis sa cr\u00e9ation en 1937.<\/strong><\/h4>\n<p>&nbsp;<\/p>\n<p><strong><img loading=\"lazy\" decoding=\"async\" class=\"wp-image-592 aligncenter\" src=\"https:\/\/www.mda-hdv.be\/wp-content\/uploads\/2017\/08\/hdv.logo-High-Resolution.jpg\" alt=\"\" width=\"115\" height=\"18\" srcset=\"https:\/\/www.mda-hdv.be\/wp-content\/uploads\/2017\/08\/hdv.logo-High-Resolution.jpg 719w, https:\/\/www.mda-hdv.be\/wp-content\/uploads\/2017\/08\/hdv.logo-High-Resolution-300x46.jpg 300w\" sizes=\"auto, (max-width: 115px) 100vw, 115px\" \/><\/strong>[\/vc_column_text][vc_column_text css=\u00a0\u00bb.vc_custom_1549729124407{background-color: #00f4f4 !important;border-radius: 4px !important;}\u00a0\u00bb]<\/p>\n<h3 style=\"text-align: center;\"><span style=\"color: #0000ff;\">News \u00a0 \u00a0 \u00a0News \u00a0 \u00a0 \u00a0 News<\/span><\/h3>\n<p>[\/vc_column_text][vc_column_text css_animation=\u00a0\u00bbnone\u00a0\u00bb css=\u00a0\u00bb.vc_custom_1643735874957{margin-top: -30px !important;padding-left: 50px !important;background-color: #ffffff !important;border-radius: 5px !important;}\u00a0\u00bb]<\/p>\n<h5 style=\"text-align: left;\"><\/h5>\n<h4><\/h4>\n<div data-extension-version=\"1.0.4\"><\/div>\n<p>[\/vc_column_text][vc_column_text css_animation=\u00a0\u00bbnone\u00a0\u00bb css=\u00a0\u00bb.vc_custom_1775809662238{margin-top: 30px !important;padding-top: 30px !important;padding-left: 50px !important;background-color: #ffffff !important;border-radius: 5px !important;}\u00a0\u00bb]<\/p>\n<h5 style=\"font-weight: 400;\"><strong><span style=\"color: #0000ff;\">01 f\u00e9vrier 2026<\/span><\/strong><\/h5>\n<h5><strong><span style=\"color: #0000ff;\">L&rsquo;ASBL MDA va devenir la FONDATION MDA<\/span><\/strong><\/h5>\n<h5 style=\"font-weight: 400;\"><strong><span style=\"color: #0000ff;\">L\u2019acte de vente du b\u00e2timent de La Maison des Ailes a finalement \u00e9t\u00e9 sign\u00e9 le 3 novembre 2025.<\/span><\/strong><br \/>\n<strong><span style=\"color: #0000ff;\">Lors de son Assembl\u00e9e G\u00e9n\u00e9rale Extraordinaire du 10 d\u00e9cembre 2025, il a \u00e9t\u00e9 d\u00e9cid\u00e9 de remplacer l\u2019ASBL par une Fondation qui conservera le m\u00eame nom. <\/span><\/strong><br \/>\n<strong><span style=\"color: #0000ff;\">Cette op\u00e9ration devrait \u00eatre termin\u00e9e pour la fin de cette ann\u00e9e 2026.<\/span><\/strong><br \/>\n<strong><span style=\"color: #0000ff;\">Il s\u2019agira d\u2019une Fondation qui ne soutient que les organisations actives dans le secteur a\u00e9ronautique ainsi que les initiatives prises pour la promotion de ce secteur.<\/span><\/strong><br \/>\n<strong><span style=\"color: #0000ff;\">Une Assembl\u00e9e G\u00e9n\u00e9rale Extraordinaire se tiendra pour ent\u00e9riner le passage d\u2019ASBL en Fondation.<\/span><\/strong><\/h5>\n<p>&nbsp;<\/p>\n<h5><strong><img loading=\"lazy\" decoding=\"async\" class=\"alignnone size-full wp-image-250 aligncenter\" src=\"https:\/\/www.mda-hdv.be\/wp-content\/uploads\/2017\/07\/Logo-HDV-Glenn-copie.jpg\" alt=\"\" width=\"216\" height=\"33\"><\/strong><\/h5>\n<h5><strong><span style=\"color: #0000ff;\">8 juillet 2025<\/span><\/strong><\/h5>\n<h5><strong><span style=\"color: #0000ff;\"><span style=\"caret-color: #0000ff;\">VENTE du b\u00e2timent&nbsp;<\/span><\/span><\/strong><\/h5>\n<h5><strong><span style=\"color: #0433ff;\"><span style=\"caret-color: #0433ff;\"><a href=\"https:\/\/www.mda-hdv.be\/wp-content\/uploads\/2024\/06\/PV-AG-24FR-FF-def-WEB-2.pdf\">L&rsquo;Assembl\u00e9e G\u00e9n\u00e9rale 2024<\/a> qui s&rsquo;est tenue &nbsp;le mardi 28 mai 2024 avait d\u00e9cid\u00e9 de vendre le b\u00e2timent de La Maison des Ailes.<br \/>\nDepuis lors, un acqu\u00e9reur a \u00e9t\u00e9 trouv\u00e9 et un compromis de vente a \u00e9t\u00e9 sign\u00e9 le 12 juin 2025 lors de <a href=\"https:\/\/www.mda-hdv.be\/wp-content\/uploads\/2025\/08\/compte-rendu-de-lAG-version-FR-28-7.pdf\">notre Assembl\u00e9e g\u00e9n\u00e9rale 2025.<\/a>&nbsp;L\u2019acqu\u00e9reur est la S.A. TRADING PLACES (<a href=\"https:\/\/www.groepbouwen.be\/fr\/faisons-connaissance\">Groupe Bouwen<\/a>) ayant son si\u00e8ge \u00e0 2500 Lier<\/span><\/span><span style=\"color: #0433ff;\"><span style=\"caret-color: #0433ff;\">.<br \/>\nL&rsquo;Acte de vente devrait \u00eatre sign\u00e9 dans le courant du mois de septembre 2025.<br \/>\nPour les associations li\u00e9es \u00e0 la MDA, il est important de savoir qu&rsquo;elles peuvent maintenir leur si\u00e8ge social et leur boite aux lettres \u00e0 la MDA jusque fin juin 2026. Toute la partie HORECA ( Bar, Salle Leboutte et salles de r\u00e9unions) continuera \u00e0 fonctionner jusqu&rsquo;\u00e0 la m\u00eame date.<\/span><\/span><\/strong><\/h5>\n<h5><strong><img loading=\"lazy\" decoding=\"async\" class=\"alignnone size-full wp-image-250 aligncenter\" src=\"https:\/\/www.mda-hdv.be\/wp-content\/uploads\/2017\/07\/Logo-HDV-Glenn-copie.jpg\" alt=\"\" width=\"216\" height=\"33\"><\/strong><\/h5>\n<h5 style=\"font-weight: 400;\"><\/h5>\n<p>&nbsp;<\/p>\n<h5><\/h5>\n<h5><\/h5>\n<h5><\/h5>\n<h5><\/h5>\n<h5><\/h5>\n<h5 data-extension-version=\"1.0.4\"><\/h5>\n<p>[\/vc_column_text][vc_column_text css_animation=\u00a0\u00bbnone\u00a0\u00bb css=\u00a0\u00bb.vc_custom_1716219965374{margin-top: -30px !important;padding-left: 50px !important;background-color: #ffffff !important;border-radius: 5px !important;}\u00a0\u00bb]<\/p>\n<h4><\/h4>\n<h4 data-extension-version=\"1.0.4\"><\/h4>\n<p>[\/vc_column_text][\/vc_column][\/vc_row][vc_row][vc_column css=\u00a0\u00bb.vc_custom_1549728345511{margin-top: 0px !important;}\u00a0\u00bb][vc_single_image image=\u00a0\u00bb1318&Prime; img_size=\u00a0\u00bbfull\u00a0\u00bb alignment=\u00a0\u00bbcenter\u00a0\u00bb style=\u00a0\u00bbvc_box_shadow_3d\u00a0\u00bb css=\u00a0\u00bb.vc_custom_1549729415418{margin-top: 0px !important;}\u00a0\u00bb][\/vc_column][\/vc_row][vc_row][vc_column][vc_column_text]<\/p>\n<div id=\"ConnectiveDocSignExtentionInstalled\" data-extension-version=\"1.0.4\"><\/div>\n<div id=\"ConnectiveDocSignExtentionInstalled\" data-extension-version=\"1.0.4\"><\/div>\n<div id=\"ConnectiveDocSignExtentionInstalled\" data-extension-version=\"1.0.4\"><\/div>\n<div id=\"ConnectiveDocSignExtentionInstalled\" data-extension-version=\"1.0.4\"><\/div>\n<div id=\"ConnectiveDocSignExtentionInstalled\" data-extension-version=\"1.0.4\"><\/div>\n<div id=\"ConnectiveDocSignExtentionInstalled\" data-extension-version=\"1.0.4\"><\/div>\n<div id=\"ConnectiveDocSignExtentionInstalled\" data-extension-version=\"1.0.4\"><\/div>\n<div id=\"ConnectiveDocSignExtentionInstalled\" data-extension-version=\"1.0.4\"><\/div>\n<p>[\/vc_column_text][\/vc_column][\/vc_row][vc_row][vc_column][vc_column_text]<\/p>\n<div id=\"ConnectiveDocSignExtentionInstalled\" data-extension-version=\"1.0.4\"><\/div>\n<div id=\"ConnectiveDocSignExtentionInstalled\" data-extension-version=\"1.0.4\"><\/div>\n<p>[\/vc_column_text][\/vc_column][\/vc_row]<\/p>\n<\/div>","protected":false},"excerpt":{"rendered":"<p>[vc_row][vc_column css=\u00a0\u00bb.vc_custom_1522165107957{margin-top: -30px !important;}\u00a0\u00bb][vc_single_image image=\u00a0\u00bb592&Prime; img_size=\u00a0\u00bbfull\u00a0\u00bb alignment=\u00a0\u00bbcenter\u00a0\u00bb style=\u00a0\u00bbvc_box_shadow_3d\u00a0\u00bb css_animation=\u00a0\u00bbfadeIn\u00a0\u00bb css=\u00a0\u00bb.vc_custom_1745306979476{border-top-width: 3px !important;border-right-width: 3px !important;border-bottom-width: 3px !important;border-left-width: 3px !important;}\u00a0\u00bb][\/vc_column][\/vc_row][vc_row type=\u00a0\u00bbvc_default\u00a0\u00bb gap=\u00a0\u00bb10&Prime; css=\u00a0\u00bb.vc_custom_1627481390058{padding-top: 0px !important;background-color: #ccf9f9 !important;}\u00a0\u00bb][vc_column css=\u00a0\u00bb.vc_custom_1532610532980{margin: 0px !important;border-width: 0px !important;padding: 0px !important;}\u00a0\u00bb][vc_column_text css=\u00a0\u00bb.vc_custom_1549729079210{margin-top: -15px !important;background-color: #00f4f4 !important;border-radius: 4px !important;}\u00a0\u00bb] La Maison des Ailes&#8230; [\/vc_column_text][vc_column_text css=\u00a0\u00bb.vc_custom_1769786654107{padding-top: -2010px !important;padding-right: -2010px !important;padding-bottom: -2010px !important;padding-left: -2010px !important;}\u00a0\u00bb] \u00ab\u00a0La Maison&hellip;<\/p>\n","protected":false},"author":1,"featured_media":0,"parent":0,"menu_order":0,"comment_status":"closed","ping_status":"closed","template":"","meta":{"om_disable_all_campaigns":false,"_monsterinsights_skip_tracking":false,"_monsterinsights_sitenote_active":false,"_monsterinsights_sitenote_note":"","_monsterinsights_sitenote_category":0,"_uf_show_specific_survey":0,"_uf_disable_surveys":false,"footnotes":""},"class_list":["post-685","page","type-page","status-publish","hentry","description-off"],"aioseo_notices":[],"_links":{"self":[{"href":"https:\/\/www.mda-hdv.be\/fr\/wp-json\/wp\/v2\/pages\/685","targetHints":{"allow":["GET"]}}],"collection":[{"href":"https:\/\/www.mda-hdv.be\/fr\/wp-json\/wp\/v2\/pages"}],"about":[{"href":"https:\/\/www.mda-hdv.be\/fr\/wp-json\/wp\/v2\/types\/page"}],"author":[{"embeddable":true,"href":"https:\/\/www.mda-hdv.be\/fr\/wp-json\/wp\/v2\/users\/1"}],"replies":[{"embeddable":true,"href":"https:\/\/www.mda-hdv.be\/fr\/wp-json\/wp\/v2\/comments?post=685"}],"version-history":[{"count":47,"href":"https:\/\/www.mda-hdv.be\/fr\/wp-json\/wp\/v2\/pages\/685\/revisions"}],"predecessor-version":[{"id":3333,"href":"https:\/\/www.mda-hdv.be\/fr\/wp-json\/wp\/v2\/pages\/685\/revisions\/3333"}],"wp:attachment":[{"href":"https:\/\/www.mda-hdv.be\/fr\/wp-json\/wp\/v2\/media?parent=685"}],"curies":[{"name":"wp","href":"https:\/\/api.w.org\/{rel}","templated":true}]}}